{"id":1262,"date":"2021-03-31T10:51:30","date_gmt":"2021-03-31T10:51:30","guid":{"rendered":"https:\/\/cms.waaier-saks.nl\/iletisim\/"},"modified":"2026-02-16T14:15:36","modified_gmt":"2026-02-16T14:15:36","slug":"contact","status":"publish","type":"page","link":"https:\/\/cms.waaier-saks.nl\/tr\/contact\/","title":{"rendered":"\u0130leti\u015fim"},"content":{"rendered":"\n<p>De Waaier&#8217;in 2 lokasyonu var. Ana lokasyonumuz de Wegwijzer ilkokulunda bulunuyor. Ayr\u0131ca de Robijn&#8217;da da bir lokasyonumuz var. Sorular\u0131n i\u00e7in a\u015fa\u011f\u0131daki ileti\u015fim formunu doldurabilirsin.<\/p>\n\n<p><strong>Ana lokasyon<\/strong><br\/>De Wegwijzer<br\/>Percivalstraat 3<br\/>1813 LT Alkmaar<br\/>072-5401095<\/p>\n\n<p>De Robijn<br\/>Robonsbosweg 1<br\/>1816 MK Alkmaar<\/p>\n\n<form action=\"https:\/\/cms.waaier-saks.nl\/nl\/wp-json\/raadhuis-form-entries\/v1\/submit-form\/cms-waaier-saks-nl\/\" method=\"POST\" style=\"max-width:500px;\">\n  <label>\n \u0130sim <span>(Name)<\/span> <br\/>    <input required=\"\" type=\"text\" name=\"name\"\/>\n  <\/label>\n  <label>\n Telefon numaras\u0131 <span>(Phone number)<\/span><br\/>    <input type=\"text\" name=\"telefoon\"\/>\n  <\/label> \n\n  <label>\n  E-posta  <br\/>    <input required=\"\" type=\"email\" name=\"_replyto\"\/>\n  <\/label>\n\n  <label>\n  Mesaj <span>(Message)<\/span><br\/>    <textarea required=\"\" style=\"min-height:200px\" name=\"message\"><\/textarea>\n  <\/label>\n\n<!-- Start anti-sp@m -->\n<input type=\"text\" name=\"_hp_website\" style=\"opacity:0;visibility:hidden;position:absolute;top:0;left:0;pointer-events:none;\" autocomplete=\"off\" value=\"\" novalidate=\"\"\/>\n<!-- ^ end anti-sp@m -->\n\n  <!-- your other form fields go here -->\n  <button class=\"button\" type=\"submit\">G\u00f6nder \/ Send<\/button>\n<\/form>\n","protected":false},"excerpt":{"rendered":"<p>De Waaier&#8217;in 2 lokasyonu var. Ana lokasyonumuz de Wegwijzer ilkokulunda bulunuyor. Ayr\u0131ca de Robijn&#8217;da da bir lokasyonumuz var. Sorular\u0131n i\u00e7in a\u015fa\u011f\u0131daki ileti\u015fim formunu doldurabilirsin. Ana lokasyonDe WegwijzerPercivalstraat 31813 LT Alkmaar072-5401095 De RobijnRobonsbosweg 11816 MK Alkmaar \u0130sim (Name) Telefon numaras\u0131 (Phone number) E-posta Mesaj (Message) G\u00f6nder \/ Send<\/p>\n","protected":false},"author":1,"featured_media":1263,"parent":0,"menu_order":13,"comment_status":"closed","ping_status":"closed","template":"","meta":{"_acf_changed":false,"footnotes":""},"class_list":["post-1262","page","type-page","status-publish","has-post-thumbnail","hentry"],"acf":{"positie_blok":"links","veelgestelde_vragen":false,"introtext":"De Waaier'in 2 lokasyonu var. Ana lokasyonumuz de Wegwijzer ilkokulunda bulunuyor. Ayr\u0131ca de Robijn'da da bir lokasyonumuz var. Sorular\u0131n i\u00e7in a\u015fa\u011f\u0131daki ileti\u015fim formunu doldurabilirsin.","lees_verder_text":"\u0130leti\u015fim"},"abc_ordered":false,"yoast_title":null,"yoast_meta":null,"yoast_json_ld":null,"_links":{"self":[{"href":"https:\/\/cms.waaier-saks.nl\/tr\/wp-json\/wp\/v2\/pages\/1262","targetHints":{"allow":["GET"]}}],"collection":[{"href":"https:\/\/cms.waaier-saks.nl\/tr\/wp-json\/wp\/v2\/pages"}],"about":[{"href":"https:\/\/cms.waaier-saks.nl\/tr\/wp-json\/wp\/v2\/types\/page"}],"author":[{"embeddable":true,"href":"https:\/\/cms.waaier-saks.nl\/tr\/wp-json\/wp\/v2\/users\/1"}],"replies":[{"embeddable":true,"href":"https:\/\/cms.waaier-saks.nl\/tr\/wp-json\/wp\/v2\/comments?post=1262"}],"version-history":[{"count":1,"href":"https:\/\/cms.waaier-saks.nl\/tr\/wp-json\/wp\/v2\/pages\/1262\/revisions"}],"predecessor-version":[{"id":1264,"href":"https:\/\/cms.waaier-saks.nl\/tr\/wp-json\/wp\/v2\/pages\/1262\/revisions\/1264"}],"wp:featuredmedia":[{"embeddable":true,"href":"https:\/\/cms.waaier-saks.nl\/tr\/wp-json\/wp\/v2\/media\/1263"}],"wp:attachment":[{"href":"https:\/\/cms.waaier-saks.nl\/tr\/wp-json\/wp\/v2\/media?parent=1262"}],"curies":[{"name":"wp","href":"https:\/\/api.w.org\/{rel}","templated":true}]}}